{"id":2543,"date":"2023-02-23T16:33:22","date_gmt":"2023-02-23T16:33:22","guid":{"rendered":"https:\/\/strippersbarcelona.com\/boys\/"},"modified":"2024-07-12T16:35:15","modified_gmt":"2024-07-12T16:35:15","slug":"boys","status":"publish","type":"page","link":"https:\/\/strippersmadrid.com\/fr\/boys\/","title":{"rendered":"Boys"},"content":{"rendered":"<style>.elementor-2543 .elementor-element.elementor-element-53cb51c3 > .elementor-container > .elementor-column > .elementor-widget-wrap{align-content:center;align-items:center;}.elementor-2543 .elementor-element.elementor-element-53cb51c3:not(.elementor-motion-effects-element-type-background), .elementor-2543 .elementor-element.elementor-element-53cb51c3 > .elementor-motion-effects-container > .elementor-motion-effects-layer{background-image:url(\"https:\/\/strippersmadrid.com\/wp-content\/uploads\/2023\/02\/banner-2-1.webp\");background-position:center right;background-repeat:no-repeat;background-size:50vw auto;}.elementor-2543 .elementor-element.elementor-element-53cb51c3 > .elementor-background-overlay{background-color:transparent;background-image:linear-gradient(90deg, #0E0837 55%, #D7146240 100%);opacity:1;transition:background 0.3s, border-radius 0.3s, opacity 0.3s;}.elementor-2543 .elementor-element.elementor-element-53cb51c3{transition:background 0.3s, border 0.3s, border-radius 0.3s, box-shadow 0.3s;padding:5em 0em 5em 0em;}.elementor-2543 .elementor-element.elementor-element-5a3c94d6:not(.elementor-motion-effects-element-type-background) > .elementor-widget-wrap, .elementor-2543 .elementor-element.elementor-element-5a3c94d6 > .elementor-widget-wrap > .elementor-motion-effects-container > .elementor-motion-effects-layer{background-image:url(\"https:\/\/strippersmadrid.com\/wp-content\/uploads\/2023\/02\/memphis_1.png\");background-position:center left;background-repeat:no-repeat;background-size:contain;}.elementor-2543 .elementor-element.elementor-element-5a3c94d6 > .elementor-element-populated{transition:background 0.3s, border 0.3s, border-radius 0.3s, box-shadow 0.3s;padding:5em 5em 5em 5em;}.elementor-2543 .elementor-element.elementor-element-5a3c94d6 > .elementor-element-populated > .elementor-background-overlay{transition:background 0.3s, border-radius 0.3s, opacity 0.3s;}.elementor-2543 .elementor-element.elementor-element-c3ac942{padding:5em 0em 5em 0em;}.elementor-2543 .elementor-element.elementor-element-234c857{text-align:center;}.elementor-2543 .elementor-element.elementor-element-d02e3f1{text-align:center;}.elementor-2543 .elementor-element.elementor-element-9b26b4e{--spacer-size:50px;}.elementor-2543 .elementor-element.elementor-element-d3801a0 > .elementor-widget-container{margin:0px 0px 0px 0px;padding:0em 0em 0em 0em;}.elementor-2543 .elementor-element.elementor-element-d3801a0 .pp-post-terms > .pp-post-term:not(:last-child):after{content:\",\";}.elementor-2543 .elementor-element.elementor-element-d3801a0 .pp-posts-container .pp-post-thumbnail-wrap{padding-bottom:calc( 1.5 * 100% );}.elementor-2543 .elementor-element.elementor-element-d3801a0{--grid-column-gap:25px;--grid-row-gap:25px;}.elementor-2543 .elementor-element.elementor-element-d3801a0 .pp-posts:not(.elementor-grid){margin-left:-25px;}.elementor-2543 .elementor-element.elementor-element-d3801a0 .pp-posts:not(.elementor-grid) .pp-post-wrap{padding-left:25px;}.elementor-2543 .elementor-element.elementor-element-d3801a0 .pp-elementor-grid .pp-grid-item-wrap{margin-bottom:25px;}.elementor-2543 .elementor-element.elementor-element-d3801a0 .pp-post-content-wrap{text-align:center;}.elementor-2543 .elementor-element.elementor-element-d3801a0 .pp-post-thumbnail{margin-bottom:20px;}.elementor-2543 .elementor-element.elementor-element-d3801a0 .pp-post-terms-wrap{margin-bottom:10px;}.elementor-2543 .elementor-element.elementor-element-d3801a0 .pp-post-terms .pp-post-term:not(:last-child){margin-right:5px;}.elementor-2543 .elementor-element.elementor-element-d3801a0 .pp-post-title{margin-bottom:20px;}.elementor-2543 .elementor-element.elementor-element-d3801a0 .pp-post-excerpt{margin-bottom:20px;}:root{--page-title-display:none;}@media(max-width:1024px){.elementor-2543 .elementor-element.elementor-element-53cb51c3:not(.elementor-motion-effects-element-type-background), .elementor-2543 .elementor-element.elementor-element-53cb51c3 > .elementor-motion-effects-container > .elementor-motion-effects-layer{background-position:175px 0px;background-size:100% auto;}}@media(max-width:767px){.elementor-2543 .elementor-element.elementor-element-53cb51c3:not(.elementor-motion-effects-element-type-background), .elementor-2543 .elementor-element.elementor-element-53cb51c3 > .elementor-motion-effects-container > .elementor-motion-effects-layer{background-position:top center;background-size:cover;}.elementor-2543 .elementor-element.elementor-element-53cb51c3{padding:5em 0em 5em 0em;}.elementor-2543 .elementor-element.elementor-element-5a3c94d6 > .elementor-element-populated{padding:2em 2em 2em 2em;}.elementor-2543 .elementor-element.elementor-element-13ebdebc{text-align:center;}.elementor-2543 .elementor-element.elementor-element-d3801a0 .pp-posts-container .pp-post-thumbnail-wrap{padding-bottom:calc( 1 * 100% );}}<\/style>\t\t<div data-elementor-type=\"wp-page\" data-elementor-id=\"2543\" class=\"elementor elementor-2543 elementor-495\" data-elementor-post-type=\"page\">\n\t\t\t\t\t\t<section class=\"elementor-section elementor-top-section elementor-element elementor-element-53cb51c3 elementor-section-content-middle elementor-section-boxed elementor-section-height-default elementor-section-height-default\" data-id=\"53cb51c3\" data-element_type=\"section\" data-settings=\"{&quot;background_background&quot;:&quot;classic&quot;}\">\n\t\t\t\t\t\t\t<div class=\"elementor-background-overlay\"><\/div>\n\t\t\t\t\t\t\t<div class=\"elementor-container elementor-column-gap-default\">\n\t\t\t\t\t<div class=\"elementor-column elementor-col-100 elementor-top-column elementor-element elementor-element-5a3c94d6\" data-id=\"5a3c94d6\" data-element_type=\"column\" data-settings=\"{&quot;background_background&quot;:&quot;classic&quot;}\">\n\t\t\t<div class=\"elementor-widget-wrap elementor-element-populated\">\n\t\t\t\t\t\t<div class=\"elementor-element elementor-element-13ebdebc elementor-widget elementor-widget-heading\" data-id=\"13ebdebc\" data-element_type=\"widget\" data-widget_type=\"heading.default\">\n\t\t\t\t<div class=\"elementor-widget-container\">\n\t\t\t\t\t<h1 class=\"elementor-heading-title elementor-size-default\">Boys<\/h1>\t\t\t\t<\/div>\n\t\t\t\t<\/div>\n\t\t\t\t\t<\/div>\n\t\t<\/div>\n\t\t\t\t\t<\/div>\n\t\t<\/section>\n\t\t\t\t<section class=\"elementor-section elementor-top-section elementor-element elementor-element-c3ac942 elementor-section-boxed elementor-section-height-default elementor-section-height-default\" data-id=\"c3ac942\" data-element_type=\"section\">\n\t\t\t\t\t\t<div class=\"elementor-container elementor-column-gap-default\">\n\t\t\t\t\t<div class=\"elementor-column elementor-col-100 elementor-top-column elementor-element elementor-element-c8c5481\" data-id=\"c8c5481\" data-element_type=\"column\">\n\t\t\t<div class=\"elementor-widget-wrap elementor-element-populated\">\n\t\t\t\t\t\t<div class=\"elementor-element elementor-element-234c857 elementor-widget elementor-widget-heading\" data-id=\"234c857\" data-element_type=\"widget\" data-widget_type=\"heading.default\">\n\t\t\t\t<div class=\"elementor-widget-container\">\n\t\t\t\t\t<h6 class=\"elementor-heading-title elementor-size-default\">Contratar<\/h6>\t\t\t\t<\/div>\n\t\t\t\t<\/div>\n\t\t\t\t<div class=\"elementor-element elementor-element-d02e3f1 elementor-widget elementor-widget-heading\" data-id=\"d02e3f1\" data-element_type=\"widget\" data-widget_type=\"heading.default\">\n\t\t\t\t<div class=\"elementor-widget-container\">\n\t\t\t\t\t<h2 class=\"elementor-heading-title elementor-size-default\">Strip-teaseuses Gar\u00e7ons<\/h2>\t\t\t\t<\/div>\n\t\t\t\t<\/div>\n\t\t\t\t<div class=\"elementor-element elementor-element-9b26b4e elementor-widget elementor-widget-spacer\" data-id=\"9b26b4e\" data-element_type=\"widget\" data-widget_type=\"spacer.default\">\n\t\t\t\t<div class=\"elementor-widget-container\">\n\t\t\t\t\t\t\t<div class=\"elementor-spacer\">\n\t\t\t<div class=\"elementor-spacer-inner\"><\/div>\n\t\t<\/div>\n\t\t\t\t\t\t<\/div>\n\t\t\t\t<\/div>\n\t\t\t\t<div class=\"elementor-element elementor-element-d3801a0 elementor-grid-4 pp-equal-height-yes pp-posts-thumbnail-ratio elementor-grid-tablet-2 elementor-grid-mobile-1 elementor-invisible elementor-widget elementor-widget-pp-posts\" data-id=\"d3801a0\" data-element_type=\"widget\" data-settings=\"{&quot;_animation&quot;:&quot;fadeIn&quot;}\" data-widget_type=\"pp-posts.classic\">\n\t\t\t\t<div class=\"elementor-widget-container\">\n\t\t\t\t\t\t\t<div class=\"pp-posts-container\">\n\t\t\t\n\t\t\t\t\t\t\t\t\t\t\n\t\t\t<div class=\"pp-posts pp-posts-skin-classic elementor-grid pp-posts-grid\" data-query-type=\"custom\" data-layout=\"grid\" data-page=\"2543\" data-skin=\"classic\">\n\t\t\t\t\t\t\t\t\t\t\t<div class=\"pp-post-wrap pp-grid-item-wrap elementor-grid-item post-3142 post type-post status-publish format-standard has-post-thumbnail hentry category-strippers-madrid-garcons\">\n\t\t\t\t\t\t<div class=\"pp-post pp-grid-item\">\n\t\t\t\t\t\t<div class=\"pp-post-thumbnail\">\n\t\t\t<a class=\"pp-post-thumbnail-wrap\" href=\"https:\/\/strippersmadrid.com\/fr\/strippers-madrid-garcons\/ricky\/\" title=\"Stripper BOY Ricky\">\n\t\t\t\t<img fetchpriority=\"high\" decoding=\"async\" width=\"1248\" height=\"832\" src=\"https:\/\/strippersmadrid.com\/wp-content\/uploads\/2023\/02\/WhatsApp-Image-2026-01-19-at-16.31.41.jpeg\" class=\"attachment-full size-full wp-image-4798\" alt=\"\" srcset=\"https:\/\/strippersmadrid.com\/wp-content\/uploads\/2023\/02\/WhatsApp-Image-2026-01-19-at-16.31.41.jpeg 1248w, https:\/\/strippersmadrid.com\/wp-content\/uploads\/2023\/02\/WhatsApp-Image-2026-01-19-at-16.31.41-300x200.jpeg 300w, https:\/\/strippersmadrid.com\/wp-content\/uploads\/2023\/02\/WhatsApp-Image-2026-01-19-at-16.31.41-1024x683.jpeg 1024w, https:\/\/strippersmadrid.com\/wp-content\/uploads\/2023\/02\/WhatsApp-Image-2026-01-19-at-16.31.41-768x512.jpeg 768w\" sizes=\"(max-width: 1248px) 100vw, 1248px\" \/>\t\t\t<\/a>\n\t\t<\/div>\n\t\t\n\t\t\t\t\n\t\t\t\t<div class=\"pp-post-content-wrap\">\n\t\t\t\t\t<div class=\"pp-post-content\">\n\t\t\t\t\t\t\t\t\t\t\t\t<h2 class=\"pp-post-title\">\n\t\t\t\t<a href=\"https:\/\/strippersmadrid.com\/fr\/strippers-madrid-garcons\/ricky\/\">Stripper BOY Ricky<\/a>\t\t\t<\/h2>\n\t\t\t\t\t\t\t<div class=\"pp-post-excerpt\">\n\t\t\t\u00a0 \u00a0 Ricky est l\u2019un de nos\u00a0boys les plus demand\u00e9s \u00e0 Madrid, un stripteaseur sexy et tr\u00e8s fun, id\u00e9al pour...\t\t<\/div>\n\t\t\t\t\t\t\t\t\t<\/div>\n\t\t\t\t\t\t\t\t\t<a class=\"pp-posts-button elementor-button elementor-size-sm\" href=\"https:\/\/strippersmadrid.com\/fr\/strippers-madrid-garcons\/ricky\/\" title=\"Stripper BOY Ricky\" aria-label=\"Read more about Stripper BOY Ricky\">\n\t\t\t\t\t\t\t\t\t\t<span class=\"pp-button-text\">\n\t\t\t\t\t+ INFO\t\t\t\t<\/span>\n\t\t\t\t\t\t\t\t\t<span class=\"pp-button-icon elementor-button-icon elementor-align-icon-right\">\n\t\t\t\t\t\t\t<\/span>\n\t\t\t\t\t<\/a>\n\t\t\t\t\t\t\t\t<\/div>\n\n\t\t\t\t\t\t\t<\/div>\n\t\t\t\t\t<\/div>\n\t\t\t\t<div class=\"pp-post-wrap pp-grid-item-wrap elementor-grid-item post-2939 post type-post status-publish format-standard has-post-thumbnail hentry category-strippers-madrid-garcons\">\n\t\t\t\t\t\t<div class=\"pp-post pp-grid-item\">\n\t\t\t\t\t\t<div class=\"pp-post-thumbnail\">\n\t\t\t<a class=\"pp-post-thumbnail-wrap\" href=\"https:\/\/strippersmadrid.com\/fr\/strippers-madrid-garcons\/fran\/\" title=\"Stripper BOY Fran\">\n\t\t\t\t<img decoding=\"async\" width=\"2026\" height=\"2048\" src=\"https:\/\/strippersmadrid.com\/wp-content\/uploads\/2024\/04\/image3.jpeg\" class=\"attachment-full size-full wp-image-4226\" alt=\"Stripper boy Fran\" srcset=\"https:\/\/strippersmadrid.com\/wp-content\/uploads\/2024\/04\/image3.jpeg 2026w, https:\/\/strippersmadrid.com\/wp-content\/uploads\/2024\/04\/image3-297x300.jpeg 297w, https:\/\/strippersmadrid.com\/wp-content\/uploads\/2024\/04\/image3-1013x1024.jpeg 1013w, https:\/\/strippersmadrid.com\/wp-content\/uploads\/2024\/04\/image3-768x776.jpeg 768w, https:\/\/strippersmadrid.com\/wp-content\/uploads\/2024\/04\/image3-1520x1536.jpeg 1520w\" sizes=\"(max-width: 2026px) 100vw, 2026px\" \/>\t\t\t<\/a>\n\t\t<\/div>\n\t\t\n\t\t\t\t\n\t\t\t\t<div class=\"pp-post-content-wrap\">\n\t\t\t\t\t<div class=\"pp-post-content\">\n\t\t\t\t\t\t\t\t\t\t\t\t<h2 class=\"pp-post-title\">\n\t\t\t\t<a href=\"https:\/\/strippersmadrid.com\/fr\/strippers-madrid-garcons\/fran\/\">Stripper BOY Fran<\/a>\t\t\t<\/h2>\n\t\t\t\t\t\t\t<div class=\"pp-post-excerpt\">\n\t\t\tFran est l\u2019un de nos\u00a0boys les plus \u201cMade in USA\u201d \u00e0 Madrid, un stripper au corps de mannequin, au sourire...\t\t<\/div>\n\t\t\t\t\t\t\t\t\t<\/div>\n\t\t\t\t\t\t\t\t\t<a class=\"pp-posts-button elementor-button elementor-size-sm\" href=\"https:\/\/strippersmadrid.com\/fr\/strippers-madrid-garcons\/fran\/\" title=\"Stripper BOY Fran\" aria-label=\"Read more about Stripper BOY Fran\">\n\t\t\t\t\t\t\t\t\t\t<span class=\"pp-button-text\">\n\t\t\t\t\t+ INFO\t\t\t\t<\/span>\n\t\t\t\t\t\t\t\t\t<span class=\"pp-button-icon elementor-button-icon elementor-align-icon-right\">\n\t\t\t\t\t\t\t<\/span>\n\t\t\t\t\t<\/a>\n\t\t\t\t\t\t\t\t<\/div>\n\n\t\t\t\t\t\t\t<\/div>\n\t\t\t\t\t<\/div>\n\t\t\t\t<div class=\"pp-post-wrap pp-grid-item-wrap elementor-grid-item post-2928 post type-post status-publish format-standard has-post-thumbnail hentry category-strippers-madrid-garcons\">\n\t\t\t\t\t\t<div class=\"pp-post pp-grid-item\">\n\t\t\t\t\t\t<div class=\"pp-post-thumbnail\">\n\t\t\t<a class=\"pp-post-thumbnail-wrap\" href=\"https:\/\/strippersmadrid.com\/fr\/strippers-madrid-garcons\/ruben\/\" title=\"Stripper BOY Ruben\">\n\t\t\t\t<img decoding=\"async\" width=\"864\" height=\"1296\" src=\"https:\/\/strippersmadrid.com\/wp-content\/uploads\/2023\/02\/WhatsApp-Image-2024-04-27-at-18.11.10.jpeg\" class=\"attachment-full size-full wp-image-4420\" alt=\"Ruben stripper El Ni\u00f1o\" srcset=\"https:\/\/strippersmadrid.com\/wp-content\/uploads\/2023\/02\/WhatsApp-Image-2024-04-27-at-18.11.10.jpeg 864w, https:\/\/strippersmadrid.com\/wp-content\/uploads\/2023\/02\/WhatsApp-Image-2024-04-27-at-18.11.10-200x300.jpeg 200w, https:\/\/strippersmadrid.com\/wp-content\/uploads\/2023\/02\/WhatsApp-Image-2024-04-27-at-18.11.10-683x1024.jpeg 683w, https:\/\/strippersmadrid.com\/wp-content\/uploads\/2023\/02\/WhatsApp-Image-2024-04-27-at-18.11.10-768x1152.jpeg 768w\" sizes=\"(max-width: 864px) 100vw, 864px\" \/>\t\t\t<\/a>\n\t\t<\/div>\n\t\t\n\t\t\t\t\n\t\t\t\t<div class=\"pp-post-content-wrap\">\n\t\t\t\t\t<div class=\"pp-post-content\">\n\t\t\t\t\t\t\t\t\t\t\t\t<h2 class=\"pp-post-title\">\n\t\t\t\t<a href=\"https:\/\/strippersmadrid.com\/fr\/strippers-madrid-garcons\/ruben\/\">Stripper BOY Ruben<\/a>\t\t\t<\/h2>\n\t\t\t\t\t\t\t<div class=\"pp-post-excerpt\">\n\t\t\t\u00a0 Vous cherchez un mec beau et sympathique pour votre enterrement de vie de gar\u00e7on ou soir\u00e9e priv\u00e9e ? Rub\u00e9n...\t\t<\/div>\n\t\t\t\t\t\t\t\t\t<\/div>\n\t\t\t\t\t\t\t\t\t<a class=\"pp-posts-button elementor-button elementor-size-sm\" href=\"https:\/\/strippersmadrid.com\/fr\/strippers-madrid-garcons\/ruben\/\" title=\"Stripper BOY Ruben\" aria-label=\"Read more about Stripper BOY Ruben\">\n\t\t\t\t\t\t\t\t\t\t<span class=\"pp-button-text\">\n\t\t\t\t\t+ INFO\t\t\t\t<\/span>\n\t\t\t\t\t\t\t\t\t<span class=\"pp-button-icon elementor-button-icon elementor-align-icon-right\">\n\t\t\t\t\t\t\t<\/span>\n\t\t\t\t\t<\/a>\n\t\t\t\t\t\t\t\t<\/div>\n\n\t\t\t\t\t\t\t<\/div>\n\t\t\t\t\t<\/div>\n\t\t\t\t<div class=\"pp-post-wrap pp-grid-item-wrap elementor-grid-item post-2918 post type-post status-publish format-standard has-post-thumbnail hentry category-strippers-madrid-garcons\">\n\t\t\t\t\t\t<div class=\"pp-post pp-grid-item\">\n\t\t\t\t\t\t<div class=\"pp-post-thumbnail\">\n\t\t\t<a class=\"pp-post-thumbnail-wrap\" href=\"https:\/\/strippersmadrid.com\/fr\/strippers-madrid-garcons\/jorge\/\" title=\"Jorge\">\n\t\t\t\t<img loading=\"lazy\" decoding=\"async\" width=\"290\" height=\"290\" src=\"https:\/\/strippersmadrid.com\/wp-content\/uploads\/2023\/02\/jorge_01.jpeg\" class=\"attachment-full size-full wp-image-2098\" alt=\"Boy Jorge en la playa stripper de Barcelona. Ideal para todo tipo de despedidas de soltera y fiestas privadas.\" srcset=\"https:\/\/strippersmadrid.com\/wp-content\/uploads\/2023\/02\/jorge_01.jpeg 290w, https:\/\/strippersmadrid.com\/wp-content\/uploads\/2023\/02\/jorge_01-150x150.jpeg 150w\" sizes=\"(max-width: 290px) 100vw, 290px\" \/>\t\t\t<\/a>\n\t\t<\/div>\n\t\t\n\t\t\t\t\n\t\t\t\t<div class=\"pp-post-content-wrap\">\n\t\t\t\t\t<div class=\"pp-post-content\">\n\t\t\t\t\t\t\t\t\t\t\t\t<h2 class=\"pp-post-title\">\n\t\t\t\t<a href=\"https:\/\/strippersmadrid.com\/fr\/strippers-madrid-garcons\/jorge\/\">Jorge<\/a>\t\t\t<\/h2>\n\t\t\t\t\t\t\t<div class=\"pp-post-excerpt\">\n\t\t\t\u00a0 \u00a0 Jorge, notre dernier ajout \u00e0 Strippers Barcelona depuis que son passage dans ce monde le rend digne d'\u00eatre...\t\t<\/div>\n\t\t\t\t\t\t\t\t\t<\/div>\n\t\t\t\t\t\t\t\t\t<a class=\"pp-posts-button elementor-button elementor-size-sm\" href=\"https:\/\/strippersmadrid.com\/fr\/strippers-madrid-garcons\/jorge\/\" title=\"Jorge\" aria-label=\"Read more about Jorge\">\n\t\t\t\t\t\t\t\t\t\t<span class=\"pp-button-text\">\n\t\t\t\t\t+ INFO\t\t\t\t<\/span>\n\t\t\t\t\t\t\t\t\t<span class=\"pp-button-icon elementor-button-icon elementor-align-icon-right\">\n\t\t\t\t\t\t\t<\/span>\n\t\t\t\t\t<\/a>\n\t\t\t\t\t\t\t\t<\/div>\n\n\t\t\t\t\t\t\t<\/div>\n\t\t\t\t\t<\/div>\n\t\t\t\t<div class=\"pp-post-wrap pp-grid-item-wrap elementor-grid-item post-2898 post type-post status-publish format-standard has-post-thumbnail hentry category-strippers-madrid-garcons\">\n\t\t\t\t\t\t<div class=\"pp-post pp-grid-item\">\n\t\t\t\t\t\t<div class=\"pp-post-thumbnail\">\n\t\t\t<a class=\"pp-post-thumbnail-wrap\" href=\"https:\/\/strippersmadrid.com\/fr\/strippers-madrid-garcons\/victor\/\" title=\"Stripper BOY Victor\">\n\t\t\t\t<img loading=\"lazy\" decoding=\"async\" width=\"1066\" height=\"1066\" src=\"https:\/\/strippersmadrid.com\/wp-content\/uploads\/2023\/02\/WhatsApp-Image-2026-03-10-at-15.26.56-2.jpeg\" class=\"attachment-full size-full wp-image-4866\" alt=\"victor stripper madrid\" srcset=\"https:\/\/strippersmadrid.com\/wp-content\/uploads\/2023\/02\/WhatsApp-Image-2026-03-10-at-15.26.56-2.jpeg 1066w, https:\/\/strippersmadrid.com\/wp-content\/uploads\/2023\/02\/WhatsApp-Image-2026-03-10-at-15.26.56-2-300x300.jpeg 300w, https:\/\/strippersmadrid.com\/wp-content\/uploads\/2023\/02\/WhatsApp-Image-2026-03-10-at-15.26.56-2-1024x1024.jpeg 1024w, https:\/\/strippersmadrid.com\/wp-content\/uploads\/2023\/02\/WhatsApp-Image-2026-03-10-at-15.26.56-2-150x150.jpeg 150w, https:\/\/strippersmadrid.com\/wp-content\/uploads\/2023\/02\/WhatsApp-Image-2026-03-10-at-15.26.56-2-768x768.jpeg 768w\" sizes=\"(max-width: 1066px) 100vw, 1066px\" \/>\t\t\t<\/a>\n\t\t<\/div>\n\t\t\n\t\t\t\t\n\t\t\t\t<div class=\"pp-post-content-wrap\">\n\t\t\t\t\t<div class=\"pp-post-content\">\n\t\t\t\t\t\t\t\t\t\t\t\t<h2 class=\"pp-post-title\">\n\t\t\t\t<a href=\"https:\/\/strippersmadrid.com\/fr\/strippers-madrid-garcons\/victor\/\">Stripper BOY Victor<\/a>\t\t\t<\/h2>\n\t\t\t\t\t\t\t<div class=\"pp-post-excerpt\">\n\t\t\t\u00a0 \u00a0 Victor poss\u00e8de un corps sculpt\u00e9 par la musculation, con\u00e7u pour ravir tous les regards. Imaginez-le enti\u00e8rement nu\u00a0? Avec...\t\t<\/div>\n\t\t\t\t\t\t\t\t\t<\/div>\n\t\t\t\t\t\t\t\t\t<a class=\"pp-posts-button elementor-button elementor-size-sm\" href=\"https:\/\/strippersmadrid.com\/fr\/strippers-madrid-garcons\/victor\/\" title=\"Stripper BOY Victor\" aria-label=\"Read more about Stripper BOY Victor\">\n\t\t\t\t\t\t\t\t\t\t<span class=\"pp-button-text\">\n\t\t\t\t\t+ INFO\t\t\t\t<\/span>\n\t\t\t\t\t\t\t\t\t<span class=\"pp-button-icon elementor-button-icon elementor-align-icon-right\">\n\t\t\t\t\t\t\t<\/span>\n\t\t\t\t\t<\/a>\n\t\t\t\t\t\t\t\t<\/div>\n\n\t\t\t\t\t\t\t<\/div>\n\t\t\t\t\t<\/div>\n\t\t\t\t<div class=\"pp-post-wrap pp-grid-item-wrap elementor-grid-item post-2790 post type-post status-publish format-standard has-post-thumbnail hentry category-autres-spectacles category-strippers-madrid-garcons\">\n\t\t\t\t\t\t<div class=\"pp-post pp-grid-item\">\n\t\t\t\t\t\t<div class=\"pp-post-thumbnail\">\n\t\t\t<a class=\"pp-post-thumbnail-wrap\" href=\"https:\/\/strippersmadrid.com\/fr\/autres-spectacles\/nain-evg\/\" title=\"Spectacle sp\u00e9cial Nain Stripper\">\n\t\t\t\t<img loading=\"lazy\" decoding=\"async\" width=\"1112\" height=\"1594\" src=\"https:\/\/strippersmadrid.com\/wp-content\/uploads\/2023\/02\/jimmy-peke-boy-show-1.jpg\" class=\"attachment-full size-full wp-image-4914\" alt=\"\" srcset=\"https:\/\/strippersmadrid.com\/wp-content\/uploads\/2023\/02\/jimmy-peke-boy-show-1.jpg 1112w, https:\/\/strippersmadrid.com\/wp-content\/uploads\/2023\/02\/jimmy-peke-boy-show-1-209x300.jpg 209w, https:\/\/strippersmadrid.com\/wp-content\/uploads\/2023\/02\/jimmy-peke-boy-show-1-714x1024.jpg 714w, https:\/\/strippersmadrid.com\/wp-content\/uploads\/2023\/02\/jimmy-peke-boy-show-1-768x1101.jpg 768w, https:\/\/strippersmadrid.com\/wp-content\/uploads\/2023\/02\/jimmy-peke-boy-show-1-1072x1536.jpg 1072w\" sizes=\"(max-width: 1112px) 100vw, 1112px\" \/>\t\t\t<\/a>\n\t\t<\/div>\n\t\t\n\t\t\t\t\n\t\t\t\t<div class=\"pp-post-content-wrap\">\n\t\t\t\t\t<div class=\"pp-post-content\">\n\t\t\t\t\t\t\t\t\t\t\t\t<h2 class=\"pp-post-title\">\n\t\t\t\t<a href=\"https:\/\/strippersmadrid.com\/fr\/autres-spectacles\/nain-evg\/\">Spectacle sp\u00e9cial Nain Stripper<\/a>\t\t\t<\/h2>\n\t\t\t\t\t\t\t<div class=\"pp-post-excerpt\">\n\t\t\tMini\u2011Boy est notre\u00a0strip\u2011teaseur de petite taille le plus dr\u00f4le \u00e0 Madrid, un artiste professionnel de repr\u00e9sentation id\u00e9al pour les groupes...\t\t<\/div>\n\t\t\t\t\t\t\t\t\t<\/div>\n\t\t\t\t\t\t\t\t\t<a class=\"pp-posts-button elementor-button elementor-size-sm\" href=\"https:\/\/strippersmadrid.com\/fr\/autres-spectacles\/nain-evg\/\" title=\"Spectacle sp\u00e9cial Nain Stripper\" aria-label=\"Read more about Spectacle sp\u00e9cial Nain Stripper\">\n\t\t\t\t\t\t\t\t\t\t<span class=\"pp-button-text\">\n\t\t\t\t\t+ INFO\t\t\t\t<\/span>\n\t\t\t\t\t\t\t\t\t<span class=\"pp-button-icon elementor-button-icon elementor-align-icon-right\">\n\t\t\t\t\t\t\t<\/span>\n\t\t\t\t\t<\/a>\n\t\t\t\t\t\t\t\t<\/div>\n\n\t\t\t\t\t\t\t<\/div>\n\t\t\t\t\t<\/div>\n\t\t\t\t\t\t\t\t\t<\/div>\n\t\t\t\n\t\t\t\n\t\t\t\n\t\t\t\n\t\t\t\t\t\t\t\t\t\t\t\t<\/div>\n\n\t\t\n\t\t\t\t\t\t<\/div>\n\t\t\t\t<\/div>\n\t\t\t\t\t<\/div>\n\t\t<\/div>\n\t\t\t\t\t<\/div>\n\t\t<\/section>\n\t\t\t\t<\/div>\n\t\t","protected":false},"excerpt":{"rendered":"<p>Contratar Strip-teaseuses Gar\u00e7ons It seems we can&rsquo;t find what you&rsquo;re looking for.<\/p>\n","protected":false},"author":2,"featured_media":3912,"parent":0,"menu_order":0,"comment_status":"closed","ping_status":"closed","template":"","meta":{"_seopress_robots_primary_cat":"","_seopress_titles_title":"Strippers Madrid - EVJF Madrid","_seopress_titles_desc":"Le Stripteaseur \u00e0 domicile Madrid est l'activit\u00e9 strip la plus demand\u00e9e g\u00e9n\u00e9ralement, vous avez la possibilit\u00e9 \u00e9galement de mettre un striptease dans une Limousine","_seopress_robots_index":"","footnotes":""},"class_list":["post-2543","page","type-page","status-publish","has-post-thumbnail","hentry"],"_links":{"self":[{"href":"https:\/\/strippersmadrid.com\/fr\/wp-json\/wp\/v2\/pages\/2543","targetHints":{"allow":["GET"]}}],"collection":[{"href":"https:\/\/strippersmadrid.com\/fr\/wp-json\/wp\/v2\/pages"}],"about":[{"href":"https:\/\/strippersmadrid.com\/fr\/wp-json\/wp\/v2\/types\/page"}],"author":[{"embeddable":true,"href":"https:\/\/strippersmadrid.com\/fr\/wp-json\/wp\/v2\/users\/2"}],"replies":[{"embeddable":true,"href":"https:\/\/strippersmadrid.com\/fr\/wp-json\/wp\/v2\/comments?post=2543"}],"version-history":[{"count":7,"href":"https:\/\/strippersmadrid.com\/fr\/wp-json\/wp\/v2\/pages\/2543\/revisions"}],"predecessor-version":[{"id":4025,"href":"https:\/\/strippersmadrid.com\/fr\/wp-json\/wp\/v2\/pages\/2543\/revisions\/4025"}],"wp:featuredmedia":[{"embeddable":true,"href":"https:\/\/strippersmadrid.com\/fr\/wp-json\/wp\/v2\/media\/3912"}],"wp:attachment":[{"href":"https:\/\/strippersmadrid.com\/fr\/wp-json\/wp\/v2\/media?parent=2543"}],"curies":[{"name":"wp","href":"https:\/\/api.w.org\/{rel}","templated":true}]}}